{"id":78,"date":"2016-10-27T21:27:40","date_gmt":"2016-10-27T19:27:40","guid":{"rendered":"http:\/\/www.wyrich.net\/?page_id=78"},"modified":"2024-06-01T14:49:40","modified_gmt":"2024-06-01T12:49:40","slug":"impressum","status":"publish","type":"page","link":"http:\/\/wyrich.net\/?page_id=78","title":{"rendered":"Impressum"},"content":{"rendered":"<p>Tobias Wyrich<br \/>\nLandschaftsg\u00e4rtner<br \/>\nSpatzen\u00e4ckerweg 9<br \/>\n74321 Bietigheim &#8211; Bissingen<\/p>\n<p>Tel: 07142 &#8211; 42386<br \/>\nFax: 07142 &#8211; 931082<\/p>\n<p><a href=\"mailto:tobias@wyrich.net\">tobias@wyrich.net<\/a> | <a href=\"mailto:annegret@wyrich.net\">annegret@wyrich.net<\/a><\/p>\n<p style=\"text-align: left;\"><a href=\"http:\/\/wyrich.net\/wp-content\/uploads\/2018\/08\/Datenschutzerklaerung.pdf\" target=\"_blank\" rel=\"noopener\">Datenschutzerkl\u00e4rung<\/a><\/p>\n<p><a href=\"http:\/\/www.ec.europa.eu\/consumers\/odr\/\" target=\"_blank\" rel=\"noopener\">Plattform der EU-Kommission zur Online Streitbeilegung<\/a><\/p>\n<h4><b>Hinweise zum Impressum anhand des \u00a7 5 TMG<\/b><\/h4>\n<p>In \u00a7 5 Telemediengesetz (TMG) werden folgende allgemeine Informationspflichten festgelegt:<\/p>\n<ol>\n<li>Dienstanbieter haben f\u00fcr gesch\u00e4ftsm\u00e4\u00dfige, in der Regel gegen Entgelt angebotene Telemedien folgende Informationen leicht erkennbar, unmittelbar erreichbar und st\u00e4ndig verf\u00fcgbar zu halten:<\/li>\n<\/ol>\n<ul>\n<li>Den Namen und die Anschrift, unter der sie niedergelassen sind, bei juristischen Personen zus\u00e4tzlich die Rechtsform, den Vertretungsberechtigten und, sofern Angaben \u00fcber das Kapital der Gesellschaft gemacht werden, das Stamm- oder Grundkapital sowie, wenn nicht alle in Geld zu leistenden Einlagen sind, der Gesamtbetrag der ausstehenden Einlagen.<\/li>\n<li>Angaben, die eine schnelle elektronische Kontaktaufnahme und unmittelbare Kommunikation mit ihnen erm\u00f6glichen, einschlie\u00dflich der Adresse der elektronischen Post.<\/li>\n<li>Soweit der Dienst im Rahmen einer T\u00e4tigkeit angeboten oder erbracht wird, die der beh\u00f6rdlichen Zulassung bedarf, Angaben zur zust\u00e4ndigen Aufsichtsbeh\u00f6rde.<\/li>\n<li>Das Handelsregister, Vereinsregister, Partnerschaftsregister oder Genossenschaftsregister, in das sie eingetragen sind, und die entsprechende Registernummer.<\/li>\n<li>Soweit der Dienst in Aus\u00fcbung eines Berufs im Sinne von Artikel 1 Buchstabe b der Richtlinie 89\/48\/EWG des Rates vom 21. Dezember 1988 \u00fcber eine allgemeine Regelung zur Anerkennung der Hochschuldiplome, die eine mindestens dreij\u00e4hrige Berufsausbildung abschlie\u00dfen (ABI. EG Nr. L 19 S. 16), oder im Sinne von Artikel 1 Buchstabe f der Richtlinie 92\/51\/EWG des Rates vom 18. Juni 1992 \u00fcber eine zweite allgemeine Regelung zur Anerkennung beruflicher Bef\u00e4higungsnachweise in Erg\u00e4nzung zur Richtlinie 89\/48\/EWG (ABI. EG Nr. L 209 S. 25, 1995 Nr. L 17 S. 20), zuletzt ge\u00e4ndert durch die Richtlinie 97\/38\/EG der Kommission vom 20. Juni 1997 (ABI. EG Nr. L 184 S. 31), angeboten oder erbracht wird, Angaben \u00fcber<br \/>\na) die Kammer, welcher die Dienstanbieter angeh\u00f6ren,<br \/>\nb) die gesetzliche Berufsbezeichnung und den Staat, in dem die Berufsbezeichnung<span class=\"Apple-converted-space\">\u00a0<\/span><span style=\"font-size: 0.95em;\">verliehen worden ist,<br \/>\n<\/span>c) die Bezeichnung der berufsrechtlichen Regelung und dazu, wie diese zug\u00e4nglich sind.<\/li>\n<\/ul>\n<ul>\n<li>In F\u00e4llen, in denen sie eine Umsatzsteueridentifikationsnummer nach \u00a7 27a des Umsatzsteuergesetzes oder eine Wirtschaft-Identifikationsnummer nach \u00a7 139c der Abgabenordnung besitzen, die Angabe dieser Nummer.<\/li>\n<li>Bei Aktiengesellschaften, Kommanditgesellschaften auf Aktien und Gesellschaften mit\u00a0<span style=\"font-size: 0.95em;\">beschr\u00e4nkter Haftung, die sich in Abwicklung oder Liquidation befinden, die Angabe hier\u00fcber.<\/span><\/li>\n<\/ul>\n<ol start=\"2\">\n<li>Weitergehende Informationspflichten nach anderen Rechtsvorschriften bleiben unber\u00fchrt.<\/li>\n<\/ol>\n","protected":false},"excerpt":{"rendered":"<p>Tobias Wyrich Landschaftsg\u00e4rtner Spatzen\u00e4ckerweg 9 74321 Bietigheim &#8211; Bissingen Tel: 07142 &#8211; 42386 Fax: 07142 &#8211; 931082 tobias@wyrich.net | annegret@wyrich.net Datenschutzerkl\u00e4rung Plattform der EU-Kommission zur Online Streitbeilegung Hinweise zum Impressum anhand des \u00a7 5 TMG In \u00a7 5 Telemediengesetz (TMG) werden folgende allgemeine Informationspflichten festgelegt: Dienstanbieter haben f\u00fcr gesch\u00e4ftsm\u00e4\u00dfige, in<\/p>\n","protected":false},"author":1,"featured_media":0,"parent":0,"menu_order":0,"comment_status":"closed","ping_status":"closed","template":"template-fullwidth.php","meta":{"footnotes":""},"_links":{"self":[{"href":"http:\/\/wyrich.net\/index.php?rest_route=\/wp\/v2\/pages\/78"}],"collection":[{"href":"http:\/\/wyrich.net\/index.php?rest_route=\/wp\/v2\/pages"}],"about":[{"href":"http:\/\/wyrich.net\/index.php?rest_route=\/wp\/v2\/types\/page"}],"author":[{"embeddable":true,"href":"http:\/\/wyrich.net\/index.php?rest_route=\/wp\/v2\/users\/1"}],"replies":[{"embeddable":true,"href":"http:\/\/wyrich.net\/index.php?rest_route=%2Fwp%2Fv2%2Fcomments&post=78"}],"version-history":[{"count":8,"href":"http:\/\/wyrich.net\/index.php?rest_route=\/wp\/v2\/pages\/78\/revisions"}],"predecessor-version":[{"id":157,"href":"http:\/\/wyrich.net\/index.php?rest_route=\/wp\/v2\/pages\/78\/revisions\/157"}],"wp:attachment":[{"href":"http:\/\/wyrich.net\/index.php?rest_route=%2Fwp%2Fv2%2Fmedia&parent=78"}],"curies":[{"name":"wp","href":"https:\/\/api.w.org\/{rel}","templated":true}]}}