{"id":10,"date":"2014-03-15T17:26:01","date_gmt":"2014-03-15T15:26:01","guid":{"rendered":"http:\/\/wyrich.net\/?page_id=10"},"modified":"2018-11-23T11:17:10","modified_gmt":"2018-11-23T09:17:10","slug":"leistungen","status":"publish","type":"page","link":"http:\/\/wyrich.net\/?page_id=10","title":{"rendered":"Gartenarbeiten"},"content":{"rendered":"<div>\n<ul>\n<li>Baggerarbeiten<a href=\"http:\/\/wyrich.net\/wp-content\/uploads\/2014\/03\/wp_Wappen.jpg\"><br \/>\n<\/a><\/li>\n<li>Beratung und Planung<\/li>\n<li>Bau von Wegen und Pl\u00e4tzen<\/li>\n<li>B\u00f6schungssicherungsma\u00dfnahmen<\/li>\n<li>Natursteinarbeiten<\/li>\n<li>Pflanzarbeiten<\/li>\n<li>Pflege von Vegetationsfl\u00e4chen<\/li>\n<li>Pflege von B\u00e4umen u.a. mit Seilklettertechnik<\/li>\n<li>Obstbaumschnitt<\/li>\n<li>Rasenbauarbeiten<\/li>\n<li>Reparaturarbeiten<\/li>\n<li>Treppenbauarbeiten<\/li>\n<\/ul>\n<\/div>\n\n\t\t<style type=\"text\/css\">\n\t\t\t#gallery-1 {\n\t\t\t\tmargin: auto;\n\t\t\t}\n\t\t\t#gallery-1 .gallery-item {\n\t\t\t\tfloat: left;\n\t\t\t\tmargin-top: 10px;\n\t\t\t\ttext-align: center;\n\t\t\t\twidth: 33%;\n\t\t\t}\n\t\t\t#gallery-1 img {\n\t\t\t\tborder: 2px solid #cfcfcf;\n\t\t\t}\n\t\t\t#gallery-1 .gallery-caption {\n\t\t\t\tmargin-left: 0;\n\t\t\t}\n\t\t\t\/* see gallery_shortcode() in wp-includes\/media.php *\/\n\t\t<\/style>\n\t\t<div id='gallery-1' class='gallery galleryid-10 gallery-columns-3 gallery-size-large'><dl class='gallery-item'>\n\t\t\t<dt class='gallery-icon landscape'>\n\t\t\t\t<img loading=\"lazy\" decoding=\"async\" width=\"1024\" height=\"680\" src=\"http:\/\/wyrich.net\/wp-content\/uploads\/2018\/11\/Landschaftsgaertner_Terrasse-1024x680.jpg\" class=\"attachment-large size-large\" alt=\"\" aria-describedby=\"gallery-1-124\" srcset=\"http:\/\/wyrich.net\/wp-content\/uploads\/2018\/11\/Landschaftsgaertner_Terrasse-1024x680.jpg 1024w, http:\/\/wyrich.net\/wp-content\/uploads\/2018\/11\/Landschaftsgaertner_Terrasse-300x199.jpg 300w, http:\/\/wyrich.net\/wp-content\/uploads\/2018\/11\/Landschaftsgaertner_Terrasse-768x510.jpg 768w\" sizes=\"(max-width: 1024px) 100vw, 1024px\" \/>\n\t\t\t<\/dt>\n\t\t\t\t<dd class='wp-caption-text gallery-caption' id='gallery-1-124'>\n\t\t\t\tTerrasse\n\t\t\t\t<\/dd><\/dl><dl class='gallery-item'>\n\t\t\t<dt class='gallery-icon portrait'>\n\t\t\t\t<img loading=\"lazy\" decoding=\"async\" width=\"680\" height=\"1024\" src=\"http:\/\/wyrich.net\/wp-content\/uploads\/2018\/11\/Landschaftsgaertner_Treppe_Mauer-680x1024.jpg\" class=\"attachment-large size-large\" alt=\"\" aria-describedby=\"gallery-1-125\" srcset=\"http:\/\/wyrich.net\/wp-content\/uploads\/2018\/11\/Landschaftsgaertner_Treppe_Mauer-680x1024.jpg 680w, http:\/\/wyrich.net\/wp-content\/uploads\/2018\/11\/Landschaftsgaertner_Treppe_Mauer-199x300.jpg 199w, http:\/\/wyrich.net\/wp-content\/uploads\/2018\/11\/Landschaftsgaertner_Treppe_Mauer-768x1156.jpg 768w\" sizes=\"(max-width: 680px) 100vw, 680px\" \/>\n\t\t\t<\/dt>\n\t\t\t\t<dd class='wp-caption-text gallery-caption' id='gallery-1-125'>\n\t\t\t\tNatursteinmauer und Treppe\n\t\t\t\t<\/dd><\/dl><dl class='gallery-item'>\n\t\t\t<dt class='gallery-icon portrait'>\n\t\t\t\t<img loading=\"lazy\" decoding=\"async\" width=\"680\" height=\"1024\" src=\"http:\/\/wyrich.net\/wp-content\/uploads\/2018\/11\/Landschaftsgaertner_Mauer_1-680x1024.jpg\" class=\"attachment-large size-large\" alt=\"\" aria-describedby=\"gallery-1-121\" srcset=\"http:\/\/wyrich.net\/wp-content\/uploads\/2018\/11\/Landschaftsgaertner_Mauer_1-680x1024.jpg 680w, http:\/\/wyrich.net\/wp-content\/uploads\/2018\/11\/Landschaftsgaertner_Mauer_1-199x300.jpg 199w, http:\/\/wyrich.net\/wp-content\/uploads\/2018\/11\/Landschaftsgaertner_Mauer_1-768x1156.jpg 768w\" sizes=\"(max-width: 680px) 100vw, 680px\" \/>\n\t\t\t<\/dt>\n\t\t\t\t<dd class='wp-caption-text gallery-caption' id='gallery-1-121'>\n\t\t\t\tNatursteinmauer und Bepflanzung\n\t\t\t\t<\/dd><\/dl><br style=\"clear: both\" \/><dl class='gallery-item'>\n\t\t\t<dt class='gallery-icon portrait'>\n\t\t\t\t<img loading=\"lazy\" decoding=\"async\" width=\"761\" height=\"1024\" src=\"http:\/\/wyrich.net\/wp-content\/uploads\/2018\/11\/Landschaftsgaertner_SKT_1-761x1024.jpg\" class=\"attachment-large size-large\" alt=\"\" aria-describedby=\"gallery-1-123\" srcset=\"http:\/\/wyrich.net\/wp-content\/uploads\/2018\/11\/Landschaftsgaertner_SKT_1-761x1024.jpg 761w, http:\/\/wyrich.net\/wp-content\/uploads\/2018\/11\/Landschaftsgaertner_SKT_1-223x300.jpg 223w, http:\/\/wyrich.net\/wp-content\/uploads\/2018\/11\/Landschaftsgaertner_SKT_1-768x1033.jpg 768w\" sizes=\"(max-width: 761px) 100vw, 761px\" \/>\n\t\t\t<\/dt>\n\t\t\t\t<dd class='wp-caption-text gallery-caption' id='gallery-1-123'>\n\t\t\t\tBaumpflege mit Seilklettertechnik\n\t\t\t\t<\/dd><\/dl><dl class='gallery-item'>\n\t\t\t<dt class='gallery-icon portrait'>\n\t\t\t\t<img loading=\"lazy\" decoding=\"async\" width=\"680\" height=\"1024\" src=\"http:\/\/wyrich.net\/wp-content\/uploads\/2018\/11\/Landschaftsgaertner_Rasen-680x1024.jpg\" class=\"attachment-large size-large\" alt=\"\" aria-describedby=\"gallery-1-122\" srcset=\"http:\/\/wyrich.net\/wp-content\/uploads\/2018\/11\/Landschaftsgaertner_Rasen-680x1024.jpg 680w, http:\/\/wyrich.net\/wp-content\/uploads\/2018\/11\/Landschaftsgaertner_Rasen-199x300.jpg 199w, http:\/\/wyrich.net\/wp-content\/uploads\/2018\/11\/Landschaftsgaertner_Rasen-768x1156.jpg 768w\" sizes=\"(max-width: 680px) 100vw, 680px\" \/>\n\t\t\t<\/dt>\n\t\t\t\t<dd class='wp-caption-text gallery-caption' id='gallery-1-122'>\n\t\t\t\tRasen und Rabatten\n\t\t\t\t<\/dd><\/dl>\n\t\t\t<br style='clear: both' \/>\n\t\t<\/div>\n\n","protected":false},"excerpt":{"rendered":"<p>Baggerarbeiten Beratung und Planung Bau von Wegen und Pl\u00e4tzen B\u00f6schungssicherungsma\u00dfnahmen Natursteinarbeiten Pflanzarbeiten Pflege von Vegetationsfl\u00e4chen Pflege von B\u00e4umen u.a. mit Seilklettertechnik Obstbaumschnitt Rasenbauarbeiten Reparaturarbeiten Treppenbauarbeiten<\/p>\n","protected":false},"author":1,"featured_media":0,"parent":0,"menu_order":3,"comment_status":"closed","ping_status":"closed","template":"template-fullwidth.php","meta":{"footnotes":""},"_links":{"self":[{"href":"http:\/\/wyrich.net\/index.php?rest_route=\/wp\/v2\/pages\/10"}],"collection":[{"href":"http:\/\/wyrich.net\/index.php?rest_route=\/wp\/v2\/pages"}],"about":[{"href":"http:\/\/wyrich.net\/index.php?rest_route=\/wp\/v2\/types\/page"}],"author":[{"embeddable":true,"href":"http:\/\/wyrich.net\/index.php?rest_route=\/wp\/v2\/users\/1"}],"replies":[{"embeddable":true,"href":"http:\/\/wyrich.net\/index.php?rest_route=%2Fwp%2Fv2%2Fcomments&post=10"}],"version-history":[{"count":10,"href":"http:\/\/wyrich.net\/index.php?rest_route=\/wp\/v2\/pages\/10\/revisions"}],"predecessor-version":[{"id":136,"href":"http:\/\/wyrich.net\/index.php?rest_route=\/wp\/v2\/pages\/10\/revisions\/136"}],"wp:attachment":[{"href":"http:\/\/wyrich.net\/index.php?rest_route=%2Fwp%2Fv2%2Fmedia&parent=10"}],"curies":[{"name":"wp","href":"https:\/\/api.w.org\/{rel}","templated":true}]}}